{"id":13147,"date":"2025-01-28T18:09:45","date_gmt":"2025-01-28T18:09:45","guid":{"rendered":"https:\/\/stg.tracksofafrica.net\/politica-de-privacidad\/"},"modified":"2025-03-09T09:53:48","modified_gmt":"2025-03-09T09:53:48","slug":"politica-de-privacidad","status":"publish","type":"page","link":"https:\/\/stg.tracksofafrica.net\/es\/politica-de-privacidad\/","title":{"rendered":"Pol\u00edtica de privacidad"},"content":{"rendered":"\t\t<div data-elementor-type=\"wp-page\" data-elementor-id=\"13147\" class=\"elementor elementor-13147 elementor-2763\" data-elementor-post-type=\"page\">\n\t\t\t\t<div class=\"elementor-element elementor-element-f5536c9 e-flex e-con-boxed wpr-particle-no wpr-jarallax-no wpr-parallax-no wpr-sticky-section-no e-con e-parent\" data-id=\"f5536c9\" data-element_type=\"container\">\n\t\t\t\t\t<div class=\"e-con-inner\">\n\t\t\t\t<div class=\"elementor-element elementor-element-da9883e elementor-widget elementor-widget-global elementor-global-13256 elementor-global-3260 elementor-widget-heading\" data-id=\"da9883e\" data-element_type=\"widget\" data-widget_type=\"heading.default\">\n\t\t\t\t<div class=\"elementor-widget-container\">\n\t\t\t\t\t<h1 class=\"elementor-heading-title elementor-size-default\">Pol\u00edtica de privacidad<\/h1>\t\t\t\t<\/div>\n\t\t\t\t<\/div>\n\t\t\t\t<div class=\"elementor-element elementor-element-177256f elementor-widget elementor-widget-heading\" data-id=\"177256f\" data-element_type=\"widget\" data-widget_type=\"heading.default\">\n\t\t\t\t<div class=\"elementor-widget-container\">\n\t\t\t\t\t<h2 class=\"elementor-heading-title elementor-size-default\">Informaci\u00f3n sobre el tratamiento de datos personales<\/h2>\t\t\t\t<\/div>\n\t\t\t\t<\/div>\n\t\t\t\t<div class=\"elementor-element elementor-element-3f09b60 elementor-widget elementor-widget-text-editor\" data-id=\"3f09b60\" data-element_type=\"widget\" data-widget_type=\"text-editor.default\">\n\t\t\t\t<div class=\"elementor-widget-container\">\n\t\t\t\t\t\t\t\t\t<p style=\"text-align: left;\">Estamos comprometidos a proteger su privacidad en l\u00ednea, y nuestra pol\u00edtica de privacidad est\u00e1 dise\u00f1ada para brindarle tranquilidad y confianza. Es posible que cambiemos esta pol\u00edtica de vez en cuando actualizando esta p\u00e1gina, y debe consultar esta p\u00e1gina para asegurarse de que est\u00e1 satisfecho con los cambios. Esta pol\u00edtica entra en vigor el 1 de enero de 2018.  <\/p><div class=\"pageText\"><p>Cuando se pone en contacto con Tracks of Africa Safari Adventure a trav\u00e9s de nuestro sitio web, le pedimos informaci\u00f3n personal, incluido su nombre, n\u00famero de tel\u00e9fono y direcci\u00f3n de correo electr\u00f3nico. Necesitamos esta informaci\u00f3n para preparar un presupuesto para usted y\/o para ponernos en contacto con usted con nuestro folleto. Esta informaci\u00f3n no ser\u00e1 transferida a terceros, excepto en la medida y para los fines requeridos por la ley. Nos gustar\u00eda conservar su direcci\u00f3n de correo electr\u00f3nico para nuestros futuros fines de marketing (con promociones, ofertas o informaci\u00f3n relevante en la que haya expresado inter\u00e9s o pueda estar interesado).     <\/p><p>Revelaremos su nombre y los detalles de la reserva\/propuesta de vacaciones a nuestros proveedores solo con fines operativos. No compartiremos su informaci\u00f3n personal con fines de marketing u otros fines sin su consentimiento, a menos que lo exija la ley. Siempre respetaremos su privacidad y cualquier comunicaci\u00f3n personal entre usted y nosotros. Siempre cumpliremos con la legislaci\u00f3n vigente en materia de protecci\u00f3n de datos personales. Recopilamos informaci\u00f3n sobre los visitantes de nuestro sitio web con fines de informes generales, para mejorar el contenido futuro y para ayudar a reconocer y atender una posible reserva.    <\/p><p>La seguridad de los datos es de suma importancia para nosotros, y nos comprometemos a garantizar la seguridad de la informaci\u00f3n que recopilamos de usted. Toda la informaci\u00f3n que nos proporciona est\u00e1 protegida por un servidor seguro.<br>El protocolo SSL (Secure Socket Layers) con el que est\u00e1 equipado nuestro sitio web encripta toda la informaci\u00f3n que pasa de su dispositivo a nuestro servidor y viceversa. La informaci\u00f3n solo se descifra cuando llega a nuestro servidor. Nuestro servidor web tambi\u00e9n est\u00e1 equipado con un Firewall (software dise\u00f1ado para filtrar los paquetes de datos que llegan al servidor) para proteger nuestra informaci\u00f3n interna de Internet.   <\/p><p>En nuestro sitio web tambi\u00e9n proporcionamos enlaces a otros sitios web para su conveniencia e informaci\u00f3n. Tenga en cuenta que estos sitios pueden tener diferentes pol\u00edticas de seguridad y privacidad y que no tenemos control ni asumimos ninguna responsabilidad por la informaci\u00f3n que env\u00eda a estos sitios. <\/p><p>Si desea modificar los consentimientos que ha dado, puede hacerlo en cualquier momento poni\u00e9ndose en contacto con nosotros directamente en la siguiente direcci\u00f3n de correo electr\u00f3nico:<br><a href=\"mailto:office@tracksofafrica.net\">office@tracksofafrica.net<\/a><\/p><p>Nos esforzaremos por actualizar sus datos lo antes posible. Por supuesto, si nos dice que no desea recibir comunicaciones de marketing, es posible que a\u00fan reciba comunicaciones transaccionales y de servicio para confirmar y ayudarlo con las reservas que ha realizado con nosotros. <\/p><p>Esperamos que disfrute utilizando nuestro sitio web, sabiendo que estamos comprometidos a proteger su privacidad. Si tienes alguna pregunta sobre la pol\u00edtica de privacidad de Tracks of Africa Safari Adventure, ponte en contacto con nosotros de inmediato. <\/p><\/div>\t\t\t\t\t\t\t\t<\/div>\n\t\t\t\t<\/div>\n\t\t\t\t\t<\/div>\n\t\t\t\t<\/div>\n\t\t\t\t<\/div>\n\t\t","protected":false},"excerpt":{"rendered":"<p>Informaci\u00f3n sobre el tratamiento de datos personales Estamos comprometidos a proteger su privacidad en l\u00ednea, y nuestra pol\u00edtica de privacidad est\u00e1 dise\u00f1ada para brindarle tranquilidad y confianza. Es posible que cambiemos esta pol\u00edtica de vez en cuando actualizando esta p\u00e1gina, y debe consultar esta p\u00e1gina para asegurarse de que est\u00e1 satisfecho con los cambios. Esta pol\u00edtica entra en vigor el 1 de enero de 2018. Cuando se pone en contacto con Tracks of Africa Safari Adventure a trav\u00e9s de nuestro sitio web, le pedimos informaci\u00f3n personal, incluido su nombre, n\u00famero de tel\u00e9fono y direcci\u00f3n de correo electr\u00f3nico. Necesitamos esta informaci\u00f3n para preparar un presupuesto para usted y\/o para ponernos en contacto con usted con nuestro folleto. Esta informaci\u00f3n no ser\u00e1 transferida a terceros, excepto en la medida y para los fines requeridos por la ley. Nos gustar\u00eda conservar su direcci\u00f3n de correo electr\u00f3nico para nuestros futuros fines de marketing (con promociones, ofertas o informaci\u00f3n relevante en la que haya expresado inter\u00e9s o pueda estar interesado). Revelaremos su nombre y los detalles de la reserva\/propuesta de vacaciones a nuestros proveedores solo con fines operativos. No compartiremos su informaci\u00f3n personal con fines de marketing u otros fines sin su consentimiento, a menos que lo exija la ley. Siempre respetaremos su privacidad y cualquier comunicaci\u00f3n personal entre usted y nosotros. Siempre cumpliremos con la legislaci\u00f3n vigente en materia de protecci\u00f3n de datos personales. Recopilamos informaci\u00f3n sobre los visitantes de nuestro sitio web con fines de informes generales, para mejorar el contenido futuro y para ayudar a reconocer y atender una posible reserva. La seguridad de los datos es de suma importancia para nosotros, y nos comprometemos a garantizar la seguridad de la informaci\u00f3n que recopilamos de usted. Toda la informaci\u00f3n que nos proporciona est\u00e1 protegida por un servidor seguro.El protocolo SSL (Secure Socket Layers) con el que est\u00e1 equipado nuestro sitio web encripta toda la informaci\u00f3n que pasa de su dispositivo a nuestro servidor y viceversa. La informaci\u00f3n solo se descifra cuando llega a nuestro servidor. Nuestro servidor web tambi\u00e9n est\u00e1 equipado con un Firewall (software dise\u00f1ado para filtrar los paquetes de datos que llegan al servidor) para proteger nuestra informaci\u00f3n interna de Internet. En nuestro sitio web tambi\u00e9n proporcionamos enlaces a otros sitios web para su conveniencia e informaci\u00f3n. Tenga en cuenta que estos sitios pueden tener diferentes pol\u00edticas de seguridad y privacidad y que no tenemos control ni asumimos ninguna responsabilidad por la informaci\u00f3n que env\u00eda a estos sitios. Si desea modificar los consentimientos que ha dado, puede hacerlo en cualquier momento poni\u00e9ndose en contacto con nosotros directamente en la siguiente direcci\u00f3n de correo electr\u00f3nico:office@tracksofafrica.net Nos esforzaremos por actualizar sus datos lo antes posible. Por supuesto, si nos dice que no desea recibir comunicaciones de marketing, es posible que a\u00fan reciba comunicaciones transaccionales y de servicio para confirmar y ayudarlo con las reservas que ha realizado con nosotros. Esperamos que disfrute utilizando nuestro sitio web, sabiendo que estamos comprometidos a proteger su privacidad. Si tienes alguna pregunta sobre la pol\u00edtica de privacidad de Tracks of Africa Safari Adventure, ponte en contacto con nosotros de inmediato.<\/p>\n","protected":false},"author":1,"featured_media":0,"parent":0,"menu_order":0,"comment_status":"closed","ping_status":"closed","template":"elementor_header_footer","meta":{"_acf_changed":false,"footnotes":""},"class_list":["post-13147","page","type-page","status-publish","hentry"],"acf":[],"_links":{"self":[{"href":"https:\/\/stg.tracksofafrica.net\/es\/wp-json\/wp\/v2\/pages\/13147","targetHints":{"allow":["GET"]}}],"collection":[{"href":"https:\/\/stg.tracksofafrica.net\/es\/wp-json\/wp\/v2\/pages"}],"about":[{"href":"https:\/\/stg.tracksofafrica.net\/es\/wp-json\/wp\/v2\/types\/page"}],"author":[{"embeddable":true,"href":"https:\/\/stg.tracksofafrica.net\/es\/wp-json\/wp\/v2\/users\/1"}],"replies":[{"embeddable":true,"href":"https:\/\/stg.tracksofafrica.net\/es\/wp-json\/wp\/v2\/comments?post=13147"}],"version-history":[{"count":0,"href":"https:\/\/stg.tracksofafrica.net\/es\/wp-json\/wp\/v2\/pages\/13147\/revisions"}],"wp:attachment":[{"href":"https:\/\/stg.tracksofafrica.net\/es\/wp-json\/wp\/v2\/media?parent=13147"}],"curies":[{"name":"wp","href":"https:\/\/api.w.org\/{rel}","templated":true}]}}