{"id":13131,"date":"2025-01-24T09:28:56","date_gmt":"2025-01-24T09:28:56","guid":{"rendered":"https:\/\/stg.tracksofafrica.net\/qui-sommes-nous\/"},"modified":"2026-04-04T15:31:17","modified_gmt":"2026-04-04T15:31:17","slug":"tour-operateur-specialise-dans-les-safaris-en-tanzanie","status":"publish","type":"page","link":"https:\/\/stg.tracksofafrica.net\/fr\/tour-operateur-specialise-dans-les-safaris-en-tanzanie\/","title":{"rendered":"Tour-op\u00e9rateur sp\u00e9cialis\u00e9 dans les safaris en Tanzanie"},"content":{"rendered":"\t\t<div data-elementor-type=\"wp-page\" data-elementor-id=\"13131\" class=\"elementor elementor-13131 elementor-1857\" data-elementor-post-type=\"page\">\n\t\t\t\t<div class=\"elementor-element elementor-element-f05c073 e-flex e-con-boxed wpr-particle-no wpr-jarallax-no wpr-parallax-no wpr-sticky-section-no e-con e-parent\" data-id=\"f05c073\" data-element_type=\"container\">\n\t\t\t\t\t<div class=\"e-con-inner\">\n\t\t\t\t<div class=\"elementor-element elementor-element-83d1aa2 elementor-widget elementor-widget-global elementor-global-13258 elementor-global-3260 elementor-widget-heading\" data-id=\"83d1aa2\" data-element_type=\"widget\" data-widget_type=\"heading.default\">\n\t\t\t\t<div class=\"elementor-widget-container\">\n\t\t\t\t\t<h1 class=\"elementor-heading-title elementor-size-default\">Tour-op\u00e9rateur sp\u00e9cialis\u00e9 dans les safaris en Tanzanie<\/h1>\t\t\t\t<\/div>\n\t\t\t\t<\/div>\n\t\t\t\t<div class=\"elementor-element elementor-element-774d244 elementor-widget elementor-widget-text-editor\" data-id=\"774d244\" data-element_type=\"widget\" data-widget_type=\"text-editor.default\">\n\t\t\t\t<div class=\"elementor-widget-container\">\n\t\t\t\t\t\t\t\t\t<p>Partir en <strong>safari en Tanzanie<\/strong>, c&rsquo;est vivre l&rsquo;une des exp\u00e9riences de voyage les plus extraordinaires au monde, entre la savane, les grands pr\u00e9dateurs et les paysages \u00e0 couper le souffle du continent africain. Pour profiter pleinement de cette aventure, il est essentiel de faire appel \u00e0 un <strong>tour-op\u00e9rateur sp\u00e9cialis\u00e9 dans les safaris en Tanzanie, tel que Tracks of Africa Safari Adventure<\/strong>, qui conna\u00eet parfaitement le territoire et sait organiser chaque d\u00e9tail du voyage avec soin, professionnalisme et en accordant une attention particuli\u00e8re \u00e0 la s\u00e9curit\u00e9.<\/p>\n\t\t\t\t\t\t\t\t<\/div>\n\t\t\t\t<\/div>\n\t\t\t\t<div class=\"elementor-element elementor-element-edcc779 elementor-widget elementor-widget-image\" data-id=\"edcc779\" data-element_type=\"widget\" data-widget_type=\"image.default\">\n\t\t\t\t<div class=\"elementor-widget-container\">\n\t\t\t\t\t\t\t\t\t\t\t\t\t\t\t<img fetchpriority=\"high\" decoding=\"async\" width=\"800\" height=\"487\" src=\"https:\/\/stg.tracksofafrica.net\/wp-content\/uploads\/2026\/03\/Chi-siamo-noi-1-1024x623.jpg\" class=\"attachment-large size-large wp-image-27489\" alt=\"Tour-op\u00e9rateur sp\u00e9cialis\u00e9 dans les safaris en Tanzanie - L&#039;\u00e9quipe de Tracks of Africa Safari Adventure en Tanzanie\" srcset=\"https:\/\/stg.tracksofafrica.net\/wp-content\/uploads\/2026\/03\/Chi-siamo-noi-1-1024x623.jpg 1024w, https:\/\/stg.tracksofafrica.net\/wp-content\/uploads\/2026\/03\/Chi-siamo-noi-1-300x183.jpg 300w, https:\/\/stg.tracksofafrica.net\/wp-content\/uploads\/2026\/03\/Chi-siamo-noi-1-768x467.jpg 768w, https:\/\/stg.tracksofafrica.net\/wp-content\/uploads\/2026\/03\/Chi-siamo-noi-1-1536x935.jpg 1536w, https:\/\/stg.tracksofafrica.net\/wp-content\/uploads\/2026\/03\/Chi-siamo-noi-1.jpg 1919w\" sizes=\"(max-width: 800px) 100vw, 800px\" \/>\t\t\t\t\t\t\t\t\t\t\t\t\t\t\t<\/div>\n\t\t\t\t<\/div>\n\t\t\t\t<div class=\"elementor-element elementor-element-0711821 elementor-widget elementor-widget-text-editor\" data-id=\"0711821\" data-element_type=\"widget\" data-widget_type=\"text-editor.default\">\n\t\t\t\t<div class=\"elementor-widget-container\">\n\t\t\t\t\t\t\t\t\t<h2><strong>Safari en Tanzanie avec un tour-op\u00e9rateur local exp\u00e9riment\u00e9<\/strong><\/h2>\n<p>Notre tour-op\u00e9rateur est n\u00e9 de la rencontre de deux \u00e9l\u00e9ments fondamentaux : <strong>une passion authentique et une exp\u00e9rience v\u00e9cue<\/strong>. L&rsquo;amour pour cette terre extraordinaire nous accompagne depuis notre enfance. Nos parents, profond\u00e9ment attach\u00e9s \u00e0 l&rsquo;Afrique, nous ont transmis le privil\u00e8ge de la d\u00e9couvrir ann\u00e9e apr\u00e8s ann\u00e9e, en nous guidant \u00e0 travers ses paysages immenses, ses silences et sa beaut\u00e9 primitive.<\/p>\n<p>Gr\u00e2ce \u00e0 ces voyages et \u00e0 l\u2019exp\u00e9rience acquise au fil du temps, nous pouvons aujourd\u2019hui accompagner les voyageurs \u00e0 la d\u00e9couverte de la Tanzanie avec le professionnalisme d\u2019un tour-op\u00e9rateur sp\u00e9cialis\u00e9 dans l\u2019organisation de safaris.<\/p>\n<p>&nbsp;<\/p>\n<h2><strong>La Tanzanie : notre deuxi\u00e8me maison<\/strong><\/h2>\n<p>Au fil des ans, la <strong>Tanzanie<\/strong> est devenue bien plus qu\u2019une simple destination de voyage. Elle est devenue notre deuxi\u00e8me maison. C\u2019est l\u00e0 que nous retrouvons ce que nous aimons appeler \u00ab l\u2019\u00c9den \u00bb, un lieu capable de pr\u00e9server la m\u00e9moire la plus ancienne de l\u2019humanit\u00e9. La nature r\u00e8gne en ma\u00eetre : d\u2019immenses plaines de savane, des horizons infinis, des ciels spectaculaires et une faune sauvage parmi les plus riches de la plan\u00e8te. \u00c0 l\u2019aube, la lumi\u00e8re dor\u00e9e illumine lentement la savane et les cris des animaux rompent le silence de la nuit. Ce sont des moments qui racontent l\u2019essence la plus authentique de l\u2019Afrique et qui font de chaque <strong>voyage en Tanzanie<\/strong> une exp\u00e9rience \u00e9mouvante et inoubliable.<\/p>\n<p>&nbsp;<\/p>\n<h2><strong>Tracks of Africa : un tour-op\u00e9rateur sp\u00e9cialis\u00e9 dans les safaris en Tanzanie qui conna\u00eet vraiment le terrain<\/strong><\/h2>\n<p>\u00catre un <strong>tour-op\u00e9rateur local en Tanzanie<\/strong>, c&rsquo;est avoir une connaissance r\u00e9elle et directe du terrain. Au fil des ans, nous avons parcouru des milliers de kilom\u00e8tres \u00e0 travers les <strong><a href=\"https:\/\/stg.tracksofafrica.net\/fr\/parcs-que-voir-en-tanzanie\/\">parcs nationaux<\/a>, les r\u00e9serves naturelles et les villages locaux<\/strong>, acqu\u00e9rant ainsi une connaissance approfondie de ce pays extraordinaire. Nous avons appris \u00e0 conna\u00eetre non seulement les grands paysages embl\u00e9matiques de la Tanzanie, mais aussi les coins les plus cach\u00e9s et les plus suggestifs de la savane, ceux qui \u00e9chappent souvent aux circuits touristiques plus traditionnels. Cette exp\u00e9rience nous permet de concevoir des <strong>safaris authentiques en Tanzanie<\/strong>, en s\u00e9lectionnant les meilleurs endroits pour vivre la nature africaine de la mani\u00e8re la plus intense et la plus authentique possible.<\/p>\n<p>&nbsp;<\/p>\n<h2><strong>Des guides exp\u00e9riment\u00e9s et des safaris de qualit\u00e9<\/strong><\/h2>\n<p>L&rsquo;un des \u00e9l\u00e9ments les plus importants d&rsquo;un <strong>safari organis\u00e9 en Tanzanie<\/strong> est la qualit\u00e9 des guides. C&rsquo;est pourquoi nous travaillons exclusivement avec des <strong>guides professionnels exp\u00e9riment\u00e9s<\/strong>, qui connaissent parfaitement la savane et le comportement des animaux. Nos guides accompagnent les voyageurs tout au long du safari, leur racontant des histoires, des traditions et des anecdotes sur la nature et la culture locale. Gr\u00e2ce \u00e0 leur exp\u00e9rience et \u00e0 leur connaissance du terrain, vous pourrez rejoindre les meilleurs sites d&rsquo;observation des animaux et d\u00e9couvrir la savane en toute s\u00e9curit\u00e9.<\/p>\n<p>Pour les safaris, nous utilisons \u00e9galement des <strong>v\u00e9hicules 4&#215;4 sp\u00e9cialement \u00e9quip\u00e9s<\/strong>, con\u00e7us pour garantir confort, s\u00e9curit\u00e9 et une visibilit\u00e9 optimale lors des observations.<\/p>\n\t\t\t\t\t\t\t\t<\/div>\n\t\t\t\t<\/div>\n\t\t\t\t<div class=\"elementor-element elementor-element-b654f02 elementor-widget elementor-widget-image\" data-id=\"b654f02\" data-element_type=\"widget\" data-widget_type=\"image.default\">\n\t\t\t\t<div class=\"elementor-widget-container\">\n\t\t\t\t\t\t\t\t\t\t\t\t\t\t\t<img decoding=\"async\" width=\"800\" height=\"487\" src=\"https:\/\/stg.tracksofafrica.net\/wp-content\/uploads\/2026\/03\/chi-siamo_Guide-1024x623.jpg\" class=\"attachment-large size-large wp-image-27493\" alt=\"Tour operator per Safari in Tanzania - Guida con clienti di Tracks of Africa Safari Adventure nel Serengeti\" srcset=\"https:\/\/stg.tracksofafrica.net\/wp-content\/uploads\/2026\/03\/chi-siamo_Guide-1024x623.jpg 1024w, https:\/\/stg.tracksofafrica.net\/wp-content\/uploads\/2026\/03\/chi-siamo_Guide-300x183.jpg 300w, https:\/\/stg.tracksofafrica.net\/wp-content\/uploads\/2026\/03\/chi-siamo_Guide-768x467.jpg 768w, https:\/\/stg.tracksofafrica.net\/wp-content\/uploads\/2026\/03\/chi-siamo_Guide-1536x935.jpg 1536w, https:\/\/stg.tracksofafrica.net\/wp-content\/uploads\/2026\/03\/chi-siamo_Guide.jpg 1919w\" sizes=\"(max-width: 800px) 100vw, 800px\" \/>\t\t\t\t\t\t\t\t\t\t\t\t\t\t\t<\/div>\n\t\t\t\t<\/div>\n\t\t\t\t<div class=\"elementor-element elementor-element-80c2a87 elementor-widget elementor-widget-text-editor\" data-id=\"80c2a87\" data-element_type=\"widget\" data-widget_type=\"text-editor.default\">\n\t\t\t\t<div class=\"elementor-widget-container\">\n\t\t\t\t\t\t\t\t\t<h2><strong>Lodges et camps de tentes s\u00e9lectionn\u00e9s dans la savane<\/strong><\/h2>\n<p>Un <strong>safari en Tanzanie<\/strong> n&rsquo;est pas seulement synonyme d&rsquo;aventure, mais aussi de d\u00e9tente et de confort en pleine nature. Nous avons soigneusement s\u00e9lectionn\u00e9 des<strong><a href=\"https:\/\/stg.tracksofafrica.net\/fr\/ou-dormir-en-tanzanie-et-a-zanzibar\/\"> lodges exclusifs et des camps de tentes<\/a> nich\u00e9s dans la savane<\/strong>, des \u00e9tablissements qui offrent des services de qualit\u00e9 tout en permettant de vivre une exp\u00e9rience authentique au contact de la nature africaine. Dormir dans la savane est une exp\u00e9rience unique : la nuit, on peut entendre les sons de la faune sauvage, tandis que le matin, le r\u00e9veil se fait face \u00e0 des panoramas spectaculaires.<\/p>\n<p>&nbsp;<\/p>\n<h2><strong>Safaris sur mesure en Tanzanie<\/strong><\/h2>\n<p>Chaque voyageur a des besoins et des envies diff\u00e9rents. C&rsquo;est pourquoi notre <strong>tour-op\u00e9rateur sp\u00e9cialis\u00e9 dans les safaris en Tanzanie<\/strong> organise <strong>des voyages enti\u00e8rement personnalis\u00e9s<\/strong>. Nous concevons des <a href=\"https:\/\/stg.tracksofafrica.net\/fr\/safari-sur-mesure-en-tanzanie\/\"><strong>safaris sur mesure<\/strong><\/a> en Tanzanie, soign\u00e9s dans les moindres d\u00e9tails, parfaits pour les safaris priv\u00e9s, les voyages de noces, les safaris photo, les safaris de luxe, les voyages en famille et les petits groupes d&rsquo;amis. Chaque <strong>safari en Tanzanie<\/strong> est con\u00e7u avec soin pour garantir un \u00e9quilibre parfait entre aventure, d\u00e9couverte et d\u00e9tente, dans les parcs les plus embl\u00e9matiques du pays tels que le Serengeti, le Ngorongoro et le Tarangire.<\/p>\n<p>&nbsp;<\/p>\n<h2><strong>Tourisme responsable et durable<\/strong><\/h2>\n<p>Nous croyons profond\u00e9ment en un <strong>tourisme responsable<\/strong>, capable de respecter la nature et de soutenir les communaut\u00e9s locales. La Tanzanie est l&rsquo;un des patrimoines naturels les plus pr\u00e9cieux de la plan\u00e8te et la protection de ses \u00e9cosyst\u00e8mes est fondamentale. C&rsquo;est pourquoi nous collaborons avec des partenaires locaux qui partagent nos valeurs et qui op\u00e8rent dans le respect de l&rsquo;environnement. Voyager avec <strong>Tracks of Africa<\/strong>, c&rsquo;est d\u00e9couvrir la Tanzanie de mani\u00e8re authentique et responsable, tout en contribuant \u00e0 la pr\u00e9servation du territoire.<\/p>\n<p>&nbsp;<\/p>\n<h2><strong>Le meilleur tour-op\u00e9rateur pour les safaris en Tanzanie<\/strong><\/h2>\n<p>Choisir notre \u00e9quipe, c&rsquo;est faire confiance \u00e0 un <strong>tour-op\u00e9rateur local et exp\u00e9riment\u00e9<\/strong>, qui conna\u00eet vraiment le territoire et qui travaille avec passion pour cr\u00e9er des exp\u00e9riences de voyage inoubliables. Nous accompagnons nos clients \u00e0 chaque \u00e9tape du voyage : de la conception de l&rsquo;itin\u00e9raire \u00e0 l&rsquo;assistance pendant le safari.<\/p>\n<p>Notre mission est simple : proposer <strong>des safaris en Tanzanie qui ne soient pas seulement des vacances, mais des exp\u00e9riences authentiques et m\u00e9morables<\/strong>, capables de laisser des souvenirs ind\u00e9l\u00e9biles. Chaque safari que nous organisons na\u00eet du d\u00e9sir de faire vivre \u00e0 nos voyageurs le m\u00eame \u00e9merveillement que nous avons ressenti la premi\u00e8re fois face \u00e0 l&rsquo;immensit\u00e9 de la savane africaine. La <strong>Tanzanie<\/strong> n&rsquo;est pas seulement une destination : c&rsquo;est un lieu qui reste \u00e0 jamais dans le c\u0153ur.<br \/>&nbsp;<\/p>\n<div class=\"slogan\" style=\"font-size: 19px;\"><strong>LES CLIENTS SONT IMPORTANTS, ET EN SAFARI, ILS LE SONT ENCORE PLUS !<\/strong><\/div>\n<p><\/p>\n<div><\/div>\n<p><\/p>\n<div class=\"slogan\" style=\"font-size: 19px;\"><a href=\"https:\/\/stg.tracksofafrica.net\/fr\/safari-en-tanzanie-et-zanzibar-forfaits-et-itineraires\/\">D\u00e9couvrez nos safaris &gt;<\/a><\/div>\n\t\t\t\t\t\t\t\t<\/div>\n\t\t\t\t<\/div>\n\t\t\t\t\t<\/div>\n\t\t\t\t<\/div>\n\t\t\t\t<\/div>\n\t\t","protected":false},"excerpt":{"rendered":"<p>Partir en safari en Tanzanie, c&rsquo;est vivre l&rsquo;une des exp\u00e9riences de voyage les plus extraordinaires au monde, entre la savane, les grands pr\u00e9dateurs et les paysages \u00e0 couper le souffle du continent africain. Pour profiter pleinement de cette aventure, il est essentiel de faire appel \u00e0 un tour-op\u00e9rateur sp\u00e9cialis\u00e9 dans les safaris en Tanzanie, tel que Tracks of Africa Safari Adventure, qui conna\u00eet parfaitement le territoire et sait organiser chaque d\u00e9tail du voyage avec soin, professionnalisme et en accordant une attention particuli\u00e8re \u00e0 la s\u00e9curit\u00e9. Safari en Tanzanie avec un tour-op\u00e9rateur local exp\u00e9riment\u00e9 Notre tour-op\u00e9rateur est n\u00e9 de la rencontre de deux \u00e9l\u00e9ments fondamentaux : une passion authentique et une exp\u00e9rience v\u00e9cue. L&rsquo;amour pour cette terre extraordinaire nous accompagne depuis notre enfance. Nos parents, profond\u00e9ment attach\u00e9s \u00e0 l&rsquo;Afrique, nous ont transmis le privil\u00e8ge de la d\u00e9couvrir ann\u00e9e apr\u00e8s ann\u00e9e, en nous guidant \u00e0 travers ses paysages immenses, ses silences et sa beaut\u00e9 primitive. Gr\u00e2ce \u00e0 ces voyages et \u00e0 l\u2019exp\u00e9rience acquise au fil du temps, nous pouvons aujourd\u2019hui accompagner les voyageurs \u00e0 la d\u00e9couverte de la Tanzanie avec le professionnalisme d\u2019un tour-op\u00e9rateur sp\u00e9cialis\u00e9 dans l\u2019organisation de safaris. &nbsp; La Tanzanie : notre deuxi\u00e8me maison Au fil des ans, la Tanzanie est devenue bien plus qu\u2019une simple destination de voyage. Elle est devenue notre deuxi\u00e8me maison. C\u2019est l\u00e0 que nous retrouvons ce que nous aimons appeler \u00ab l\u2019\u00c9den \u00bb, un lieu capable de pr\u00e9server la m\u00e9moire la plus ancienne de l\u2019humanit\u00e9. La nature r\u00e8gne en ma\u00eetre : d\u2019immenses plaines de savane, des horizons infinis, des ciels spectaculaires et une faune sauvage parmi les plus riches de la plan\u00e8te. \u00c0 l\u2019aube, la lumi\u00e8re dor\u00e9e illumine lentement la savane et les cris des animaux rompent le silence de la nuit. Ce sont des moments qui racontent l\u2019essence la plus authentique de l\u2019Afrique et qui font de chaque voyage en Tanzanie une exp\u00e9rience \u00e9mouvante et inoubliable. &nbsp; Tracks of Africa : un tour-op\u00e9rateur sp\u00e9cialis\u00e9 dans les safaris en Tanzanie qui conna\u00eet vraiment le terrain \u00catre un tour-op\u00e9rateur local en Tanzanie, c&rsquo;est avoir une connaissance r\u00e9elle et directe du terrain. Au fil des ans, nous avons parcouru des milliers de kilom\u00e8tres \u00e0 travers les parcs nationaux, les r\u00e9serves naturelles et les villages locaux, acqu\u00e9rant ainsi une connaissance approfondie de ce pays extraordinaire. Nous avons appris \u00e0 conna\u00eetre non seulement les grands paysages embl\u00e9matiques de la Tanzanie, mais aussi les coins les plus cach\u00e9s et les plus suggestifs de la savane, ceux qui \u00e9chappent souvent aux circuits touristiques plus traditionnels. Cette exp\u00e9rience nous permet de concevoir des safaris authentiques en Tanzanie, en s\u00e9lectionnant les meilleurs endroits pour vivre la nature africaine de la mani\u00e8re la plus intense et la plus authentique possible. &nbsp; Des guides exp\u00e9riment\u00e9s et des safaris de qualit\u00e9 L&rsquo;un des \u00e9l\u00e9ments les plus importants d&rsquo;un safari organis\u00e9 en Tanzanie est la qualit\u00e9 des guides. C&rsquo;est pourquoi nous travaillons exclusivement avec des guides professionnels exp\u00e9riment\u00e9s, qui connaissent parfaitement la savane et le comportement des animaux. Nos guides accompagnent les voyageurs tout au long du safari, leur racontant des histoires, des traditions et des anecdotes sur la nature et la culture locale. Gr\u00e2ce \u00e0 leur exp\u00e9rience et \u00e0 leur connaissance du terrain, vous pourrez rejoindre les meilleurs sites d&rsquo;observation des animaux et d\u00e9couvrir la savane en toute s\u00e9curit\u00e9. Pour les safaris, nous utilisons \u00e9galement des v\u00e9hicules 4&#215;4 sp\u00e9cialement \u00e9quip\u00e9s, con\u00e7us pour garantir confort, s\u00e9curit\u00e9 et une visibilit\u00e9 optimale lors des observations. Lodges et camps de tentes s\u00e9lectionn\u00e9s dans la savane Un safari en Tanzanie n&rsquo;est pas seulement synonyme d&rsquo;aventure, mais aussi de d\u00e9tente et de confort en pleine nature. Nous avons soigneusement s\u00e9lectionn\u00e9 des lodges exclusifs et des camps de tentes nich\u00e9s dans la savane, des \u00e9tablissements qui offrent des services de qualit\u00e9 tout en permettant de vivre une exp\u00e9rience authentique au contact de la nature africaine. Dormir dans la savane est une exp\u00e9rience unique : la nuit, on peut entendre les sons de la faune sauvage, tandis que le matin, le r\u00e9veil se fait face \u00e0 des panoramas spectaculaires. &nbsp; Safaris sur mesure en Tanzanie Chaque voyageur a des besoins et des envies diff\u00e9rents. C&rsquo;est pourquoi notre tour-op\u00e9rateur sp\u00e9cialis\u00e9 dans les safaris en Tanzanie organise des voyages enti\u00e8rement personnalis\u00e9s. Nous concevons des safaris sur mesure en Tanzanie, soign\u00e9s dans les moindres d\u00e9tails, parfaits pour les safaris priv\u00e9s, les voyages de noces, les safaris photo, les safaris de luxe, les voyages en famille et les petits groupes d&rsquo;amis. Chaque safari en Tanzanie est con\u00e7u avec soin pour garantir un \u00e9quilibre parfait entre aventure, d\u00e9couverte et d\u00e9tente, dans les parcs les plus embl\u00e9matiques du pays tels que le Serengeti, le Ngorongoro et le Tarangire. &nbsp; Tourisme responsable et durable Nous croyons profond\u00e9ment en un tourisme responsable, capable de respecter la nature et de soutenir les communaut\u00e9s locales. La Tanzanie est l&rsquo;un des patrimoines naturels les plus pr\u00e9cieux de la plan\u00e8te et la protection de ses \u00e9cosyst\u00e8mes est fondamentale. C&rsquo;est pourquoi nous collaborons avec des partenaires locaux qui partagent nos valeurs et qui op\u00e8rent dans le respect de l&rsquo;environnement. Voyager avec Tracks of Africa, c&rsquo;est d\u00e9couvrir la Tanzanie de mani\u00e8re authentique et responsable, tout en contribuant \u00e0 la pr\u00e9servation du territoire. &nbsp; Le meilleur tour-op\u00e9rateur pour les safaris en Tanzanie Choisir notre \u00e9quipe, c&rsquo;est faire confiance \u00e0 un tour-op\u00e9rateur local et exp\u00e9riment\u00e9, qui conna\u00eet vraiment le territoire et qui travaille avec passion pour cr\u00e9er des exp\u00e9riences de voyage inoubliables. Nous accompagnons nos clients \u00e0 chaque \u00e9tape du voyage : de la conception de l&rsquo;itin\u00e9raire \u00e0 l&rsquo;assistance pendant le safari. Notre mission est simple : proposer des safaris en Tanzanie qui ne soient pas seulement des vacances, mais des exp\u00e9riences authentiques et m\u00e9morables, capables de laisser des souvenirs ind\u00e9l\u00e9biles. Chaque safari que nous organisons na\u00eet du d\u00e9sir de faire vivre \u00e0 nos voyageurs le m\u00eame \u00e9merveillement que nous avons ressenti la premi\u00e8re fois face \u00e0 l&rsquo;immensit\u00e9 de la savane africaine. La Tanzanie n&rsquo;est pas seulement une destination : c&rsquo;est un lieu qui reste \u00e0 jamais dans le c\u0153ur.&nbsp; LES CLIENTS SONT IMPORTANTS, ET EN SAFARI, ILS LE<\/p>\n","protected":false},"author":1,"featured_media":0,"parent":0,"menu_order":0,"comment_status":"closed","ping_status":"closed","template":"elementor_header_footer","meta":{"_acf_changed":false,"footnotes":""},"class_list":["post-13131","page","type-page","status-publish","hentry"],"acf":[],"_links":{"self":[{"href":"https:\/\/stg.tracksofafrica.net\/fr\/wp-json\/wp\/v2\/pages\/13131","targetHints":{"allow":["GET"]}}],"collection":[{"href":"https:\/\/stg.tracksofafrica.net\/fr\/wp-json\/wp\/v2\/pages"}],"about":[{"href":"https:\/\/stg.tracksofafrica.net\/fr\/wp-json\/wp\/v2\/types\/page"}],"author":[{"embeddable":true,"href":"https:\/\/stg.tracksofafrica.net\/fr\/wp-json\/wp\/v2\/users\/1"}],"replies":[{"embeddable":true,"href":"https:\/\/stg.tracksofafrica.net\/fr\/wp-json\/wp\/v2\/comments?post=13131"}],"version-history":[{"count":12,"href":"https:\/\/stg.tracksofafrica.net\/fr\/wp-json\/wp\/v2\/pages\/13131\/revisions"}],"predecessor-version":[{"id":30186,"href":"https:\/\/stg.tracksofafrica.net\/fr\/wp-json\/wp\/v2\/pages\/13131\/revisions\/30186"}],"wp:attachment":[{"href":"https:\/\/stg.tracksofafrica.net\/fr\/wp-json\/wp\/v2\/media?parent=13131"}],"curies":[{"name":"wp","href":"https:\/\/api.w.org\/{rel}","templated":true}]}}