{"id":13140,"date":"2025-01-24T09:37:29","date_gmt":"2025-01-24T09:37:29","guid":{"rendered":"https:\/\/stg.tracksofafrica.net\/contacts\/"},"modified":"2026-04-04T15:42:26","modified_gmt":"2026-04-04T15:42:26","slug":"contacts","status":"publish","type":"page","link":"https:\/\/stg.tracksofafrica.net\/fr\/contacts\/","title":{"rendered":"Contacts"},"content":{"rendered":"\t\t<div data-elementor-type=\"wp-page\" data-elementor-id=\"13140\" class=\"elementor elementor-13140 elementor-1885\" data-elementor-post-type=\"page\">\n\t\t\t\t<div class=\"elementor-element elementor-element-1a282bb e-flex e-con-boxed wpr-particle-no wpr-jarallax-no wpr-parallax-no wpr-sticky-section-no e-con e-parent\" data-id=\"1a282bb\" data-element_type=\"container\">\n\t\t\t\t\t<div class=\"e-con-inner\">\n\t\t\t\t<div class=\"elementor-element elementor-element-0d278e0 elementor-widget elementor-widget-heading\" data-id=\"0d278e0\" data-element_type=\"widget\" data-widget_type=\"heading.default\">\n\t\t\t\t<div class=\"elementor-widget-container\">\n\t\t\t\t\t<h1 class=\"elementor-heading-title elementor-size-default\">CONTACTS<\/h1>\t\t\t\t<\/div>\n\t\t\t\t<\/div>\n\t\t\t\t<div class=\"elementor-element elementor-element-865e254 elementor-widget elementor-widget-text-editor\" data-id=\"865e254\" data-element_type=\"widget\" data-widget_type=\"text-editor.default\">\n\t\t\t\t<div class=\"elementor-widget-container\">\n\t\t\t\t\t\t\t\t\t<p>Quel que soit le type de safari que vous souhaitez vivre, vos exp\u00e9riences pass\u00e9es, le niveau d&rsquo;aventure que vous recherchez ou votre budget, notre \u00e9quipe de <strong>conseillers en voyages sp\u00e9cialis\u00e9s<\/strong> vous guidera pas \u00e0 pas dans l&rsquo;\u00e9laboration d&rsquo;un itin\u00e9raire exclusif et enti\u00e8rement personnalis\u00e9, capable de transformer chaque instant en une aventure inoubliable, riche en \u00e9motions, en d\u00e9couvertes et en rencontres uniques avec la nature sauvage de la Tanzanie et de Zanzibar.<\/p>\n<p>Remplissez le formulaire ci-dessous pour nous faire part de vos pr\u00e9f\u00e9rences, de vos centres d&rsquo;int\u00e9r\u00eat et de tout besoin particulier, afin que nous puissions organiser un s\u00e9jour vraiment unique et sur mesure. Nous r\u00e9pondons rapidement et avec la plus grande disponibilit\u00e9 \u00e0 toutes les demandes, en vous offrant des conseils personnalis\u00e9s et des suggestions sur mesure.<\/p>\n<p><strong>N&rsquo;h\u00e9sitez pas \u00e0 nous contacter : votre voyage de r\u00eave, riche en aventures et en souvenirs inoubliables, commence ici m\u00eame !<\/strong><\/p>\n\t\t\t\t\t\t\t\t<\/div>\n\t\t\t\t<\/div>\n\t\t<div class=\"elementor-element elementor-element-7f7ac68 e-con-full e-flex wpr-particle-no wpr-jarallax-no wpr-parallax-no wpr-sticky-section-no e-con e-child\" data-id=\"7f7ac68\" data-element_type=\"container\" data-settings=\"{&quot;background_background&quot;:&quot;classic&quot;}\">\n\t\t\t\t<div class=\"elementor-element elementor-element-2ba49d0 elementor-widget elementor-widget-heading\" data-id=\"2ba49d0\" data-element_type=\"widget\" data-widget_type=\"heading.default\">\n\t\t\t\t<div class=\"elementor-widget-container\">\n\t\t\t\t\t<h2 class=\"elementor-heading-title elementor-size-default\">DEMANDE D\u2019INFORMATION<\/h2>\t\t\t\t<\/div>\n\t\t\t\t<\/div>\n\t\t\t\t<div class=\"elementor-element elementor-element-a570746 elementor-widget elementor-widget-wpforms\" data-id=\"a570746\" data-element_type=\"widget\" data-widget_type=\"wpforms.default\">\n\t\t\t\t<div class=\"elementor-widget-container\">\n\t\t\t\t\t<style id=\"wpforms-css-vars-elementor-widget-a570746\">\n\t\t\t\t.elementor-widget-wpforms.elementor-element-a570746 {\n\t\t\t\t--wpforms-field-text-color: #0E0E0E;\n--wpforms-label-color: #FFFFFF;\n--wpforms-button-border-radius: 5px;\n--wpforms-button-background-color: #FFFFFF;\n--wpforms-button-text-color: #0E0E0E;\n\t\t\t}\n\t\t\t<\/style><div class=\"wpforms-container wpforms-container-full wpforms-render-modern\" id=\"wpforms-13854\"><form id=\"wpforms-form-13854\" class=\"wpforms-validate wpforms-form wpforms-ajax-form\" data-formid=\"13854\" method=\"post\" enctype=\"multipart\/form-data\" action=\"\/fr\/wp-json\/wp\/v2\/pages\/13140\" data-token=\"6f7ba950a541e39c5ca24f025f104ee5\" data-token-time=\"1776006490\"><noscript class=\"wpforms-error-noscript\">Veuillez activer JavaScript dans votre navigateur pour remplir ce formulaire.<\/noscript><div id=\"wpforms-error-noscript\" style=\"display: none;\">Veuillez activer JavaScript dans votre navigateur pour remplir ce formulaire.<\/div><div class=\"wpforms-field-container\"><div id=\"wpforms-13854-field_8-container\" class=\"wpforms-field wpforms-field-layout\" data-field-id=\"8\"><div class=\"wpforms-field-layout-rows wpforms-field-large\"><div class=\"wpforms-layout-row\"><div class=\"wpforms-layout-column wpforms-layout-column-50\"><div id=\"wpforms-13854-field_2-container\" class=\"wpforms-field wpforms-field-name\" data-field-id=\"2\"><label class=\"wpforms-field-label\" for=\"wpforms-13854-field_2\">Nom <span class=\"wpforms-required-label\" aria-hidden=\"true\">*<\/span><\/label><input type=\"text\" id=\"wpforms-13854-field_2\" class=\"wpforms-field-large wpforms-field-required\" name=\"wpforms[fields][2]\" placeholder=\"Nom\" aria-errormessage=\"wpforms-13854-field_2-error\" required><\/div><\/div><div class=\"wpforms-layout-column wpforms-layout-column-50\"><div id=\"wpforms-13854-field_9-container\" class=\"wpforms-field wpforms-field-name\" data-field-id=\"9\"><label class=\"wpforms-field-label\" for=\"wpforms-13854-field_9\">Nom de famille <span class=\"wpforms-required-label\" aria-hidden=\"true\">*<\/span><\/label><input type=\"text\" id=\"wpforms-13854-field_9\" class=\"wpforms-field-large wpforms-field-required\" name=\"wpforms[fields][9]\" placeholder=\"Nom de famille\" aria-errormessage=\"wpforms-13854-field_9-error\" required><\/div><\/div><\/div><div class=\"wpforms-layout-row\"><div class=\"wpforms-layout-column wpforms-layout-column-50\"><div id=\"wpforms-13854-field_11-container\" class=\"wpforms-field wpforms-field-phone\" data-field-id=\"11\"><label class=\"wpforms-field-label\" for=\"wpforms-13854-field_11\">T\u00e9l\u00e9phone<\/label><input type=\"tel\" id=\"wpforms-13854-field_11\" class=\"wpforms-field-medium wpforms-smart-phone-field\" data-rule-smart-phone-field=\"true\" name=\"wpforms[fields][11]\" placeholder=\"T\u00e9l\u00e9phone\" aria-label=\"T\u00e9l\u00e9phone\" aria-errormessage=\"wpforms-13854-field_11-error\" ><\/div><\/div><div class=\"wpforms-layout-column wpforms-layout-column-50\"><div id=\"wpforms-13854-field_10-container\" class=\"wpforms-field wpforms-field-email\" data-field-id=\"10\"><label class=\"wpforms-field-label\" for=\"wpforms-13854-field_10\">E-mail <span class=\"wpforms-required-label\" aria-hidden=\"true\">*<\/span><\/label><input type=\"email\" id=\"wpforms-13854-field_10\" class=\"wpforms-field-medium wpforms-field-required\" name=\"wpforms[fields][10]\" placeholder=\"E-mail\" spellcheck=\"false\" aria-errormessage=\"wpforms-13854-field_10-error\" required><\/div><\/div><\/div><\/div><\/div><div id=\"wpforms-13854-field_3-container\" class=\"wpforms-field wpforms-field-textarea\" data-field-id=\"3\"><label class=\"wpforms-field-label\" for=\"wpforms-13854-field_3\">Message <span class=\"wpforms-required-label\" aria-hidden=\"true\">*<\/span><\/label><textarea id=\"wpforms-13854-field_3\" class=\"wpforms-field-medium wpforms-field-required\" name=\"wpforms[fields][3]\" placeholder=\"Veuillez indiquer vos questions et demandes\" aria-errormessage=\"wpforms-13854-field_3-error\" required><\/textarea><\/div>\t\t<div id=\"wpforms-13854-field_1-container\"\n\t\t\tclass=\"wpforms-field wpforms-field-text\"\n\t\t\tdata-field-type=\"text\"\n\t\t\tdata-field-id=\"1\"\n\t\t\t>\n\t\t\t<label class=\"wpforms-field-label\" for=\"wpforms-13854-field_1\" >Message de Nom<\/label>\n\t\t\t<input type=\"text\" id=\"wpforms-13854-field_1\" class=\"wpforms-field-medium\" name=\"wpforms[fields][1]\" >\n\t\t<\/div>\n\t\t<div id=\"wpforms-13854-field_69-container\" class=\"wpforms-field wpforms-field-gdpr-checkbox\" data-field-id=\"69\"><label class=\"wpforms-field-label\">Privacy Policy <span class=\"wpforms-required-label\" aria-hidden=\"true\">*<\/span><\/label><ul id=\"wpforms-13854-field_69\" class=\"wpforms-field-required\"><li class=\"choice-1\"><input type=\"checkbox\" id=\"wpforms-13854-field_69_1\" name=\"wpforms[fields][69][]\" value=\"Je consens au traitement de mes donn\u00e9es personnelles selon les modalit\u00e9s exprim\u00e9es dans la page &lt;a href=&quot;https:\/\/tracksofafrica.net\/fr\/politique-de-confidentialite\/&quot; target=&quot;_blank&quot;&gt;Politique de confidentialit\u00e9&lt;\/a&gt;\" aria-errormessage=\"wpforms-13854-field_69_1-error\" required ><label class=\"wpforms-field-label-inline\" for=\"wpforms-13854-field_69_1\">Je consens au traitement de mes donn\u00e9es personnelles selon les modalit\u00e9s exprim\u00e9es dans la page <a href=\"https:\/\/tracksofafrica.net\/fr\/politique-de-confidentialite\/\" target=\"_blank\">Politique de confidentialit\u00e9<\/a><\/label><\/li><\/ul><\/div><script>\n\t\t\t\t( function() {\n\t\t\t\t\tconst style = document.createElement( 'style' );\n\t\t\t\t\tstyle.appendChild( document.createTextNode( '#wpforms-13854-field_1-container { position: absolute !important; overflow: hidden !important; display: inline !important; height: 1px !important; width: 1px !important; z-index: -1000 !important; padding: 0 !important; } #wpforms-13854-field_1-container input { visibility: hidden; } #wpforms-conversational-form-page #wpforms-13854-field_1-container label { counter-increment: none; }' ) );\n\t\t\t\t\tdocument.head.appendChild( style );\n\t\t\t\t\tdocument.currentScript?.remove();\n\t\t\t\t} )();\n\t\t\t<\/script><\/div><!-- .wpforms-field-container --><div class=\"wpforms-submit-container\" ><input type=\"hidden\" name=\"wpforms[id]\" value=\"13854\"><input type=\"hidden\" name=\"page_title\" value=\"\"><input type=\"hidden\" name=\"page_url\" value=\"https:\/\/stg.tracksofafrica.net\/fr\/wp-json\/wp\/v2\/pages\/13140\"><input type=\"hidden\" name=\"url_referer\" value=\"\"><button type=\"submit\" name=\"wpforms[submit]\" id=\"wpforms-submit-13854\" class=\"wpforms-submit\" data-alt-text=\"ENVOI...\" data-submit-text=\"ENVOYER\" aria-live=\"assertive\" value=\"wpforms-submit\">ENVOYER<\/button><img decoding=\"async\" src=\"https:\/\/stg.tracksofafrica.net\/wp-content\/plugins\/wpforms\/assets\/images\/submit-spin.svg\" class=\"wpforms-submit-spinner\" style=\"display: none;\" width=\"26\" height=\"26\" alt=\"Chargement en cours\"><\/div><\/form><\/div>  <!-- .wpforms-container -->\t\t\t\t<\/div>\n\t\t\t\t<\/div>\n\t\t\t\t<\/div>\n\t\t\t\t\t<\/div>\n\t\t\t\t<\/div>\n\t\t<div class=\"elementor-element elementor-element-15d621b e-flex e-con-boxed wpr-particle-no wpr-jarallax-no wpr-parallax-no wpr-sticky-section-no e-con e-parent\" data-id=\"15d621b\" data-element_type=\"container\">\n\t\t\t\t\t<div class=\"e-con-inner\">\n\t\t<div class=\"elementor-element elementor-element-8a2b8f5 e-con-full e-flex wpr-particle-no wpr-jarallax-no wpr-parallax-no wpr-sticky-section-no e-con e-child\" data-id=\"8a2b8f5\" data-element_type=\"container\">\n\t\t\t\t<div class=\"elementor-element elementor-element-5685535 elementor-widget__width-initial elementor-widget-mobile__width-inherit elementor-widget elementor-widget-image\" data-id=\"5685535\" data-element_type=\"widget\" data-widget_type=\"image.default\">\n\t\t\t\t<div class=\"elementor-widget-container\">\n\t\t\t\t\t\t\t\t\t\t\t\t\t\t\t<img fetchpriority=\"high\" decoding=\"async\" width=\"800\" height=\"331\" src=\"https:\/\/stg.tracksofafrica.net\/wp-content\/uploads\/2025\/03\/karibu-1024x424.png\" class=\"attachment-large size-large wp-image-12817\" alt=\"\" srcset=\"https:\/\/stg.tracksofafrica.net\/wp-content\/uploads\/2025\/03\/karibu-1024x424.png 1024w, https:\/\/stg.tracksofafrica.net\/wp-content\/uploads\/2025\/03\/karibu-300x124.png 300w, https:\/\/stg.tracksofafrica.net\/wp-content\/uploads\/2025\/03\/karibu-768x318.png 768w, https:\/\/stg.tracksofafrica.net\/wp-content\/uploads\/2025\/03\/karibu-1536x637.png 1536w, https:\/\/stg.tracksofafrica.net\/wp-content\/uploads\/2025\/03\/karibu-2048x849.png 2048w\" sizes=\"(max-width: 800px) 100vw, 800px\">\t\t\t\t\t\t\t\t\t\t\t\t\t\t\t<\/div>\n\t\t\t\t<\/div>\n\t\t\t\t<div class=\"elementor-element elementor-element-08fd0f6 elementor-widget elementor-widget-text-editor\" data-id=\"08fd0f6\" data-element_type=\"widget\" data-widget_type=\"text-editor.default\">\n\t\t\t\t<div class=\"elementor-widget-container\">\n\t\t\t\t\t\t\t\t\t<p>signifie \u00ab bienvenue \u00bb en swahili<\/p>\n\t\t\t\t\t\t\t\t<\/div>\n\t\t\t\t<\/div>\n\t\t\t\t<\/div>\n\t\t\t\t\t<\/div>\n\t\t\t\t<\/div>\n\t\t<div class=\"elementor-element elementor-element-73de78e e-flex e-con-boxed wpr-particle-no wpr-jarallax-no wpr-parallax-no wpr-sticky-section-no e-con e-parent\" data-id=\"73de78e\" data-element_type=\"container\">\n\t\t\t\t\t<div class=\"e-con-inner\">\n\t\t\t\t<div class=\"elementor-element elementor-element-3ca790b elementor-widget elementor-widget-text-editor\" data-id=\"3ca790b\" data-element_type=\"widget\" data-widget_type=\"text-editor.default\">\n\t\t\t\t<div class=\"elementor-widget-container\">\n\t\t\t\t\t\t\t\t\t<p><strong>LE SOIN DE NOS CLIENTS EST PRIMORDIAL POUR NOUS&#8230;<\/strong><br \/><strong>NOTRE ENGAGEMENT EST DE FAIRE EN SORTE QU\u2019ILS SE SENTENT LES BIENVENUS \u00c0 TOUT MOMENT<\/strong><\/p>\n\t\t\t\t\t\t\t\t<\/div>\n\t\t\t\t<\/div>\n\t\t\t\t\t<\/div>\n\t\t\t\t<\/div>\n\t\t\t\t<\/div>\n\t\t","protected":false},"excerpt":{"rendered":"<p>CONTACTS Quel que soit le type de safari que vous souhaitez vivre, vos exp\u00e9riences pass\u00e9es, le niveau d&rsquo;aventure que vous recherchez ou votre budget, notre \u00e9quipe de conseillers en voyages sp\u00e9cialis\u00e9s vous guidera pas \u00e0 pas dans l&rsquo;\u00e9laboration d&rsquo;un itin\u00e9raire exclusif et enti\u00e8rement personnalis\u00e9, capable de transformer chaque instant en une aventure inoubliable, riche en \u00e9motions, en d\u00e9couvertes et en rencontres uniques avec la nature sauvage de la Tanzanie et de Zanzibar. Remplissez le formulaire ci-dessous pour nous faire part de vos pr\u00e9f\u00e9rences, de vos centres d&rsquo;int\u00e9r\u00eat et de tout besoin particulier, afin que nous puissions organiser un s\u00e9jour vraiment unique et sur mesure. Nous r\u00e9pondons rapidement et avec la plus grande disponibilit\u00e9 \u00e0 toutes les demandes, en vous offrant des conseils personnalis\u00e9s et des suggestions sur mesure. N&rsquo;h\u00e9sitez pas \u00e0 nous contacter : votre voyage de r\u00eave, riche en aventures et en souvenirs inoubliables, commence ici m\u00eame ! DEMANDE D\u2019INFORMATION Abilita JavaScript nel browser per completare questo modulo.Abilita JavaScript nel browser per completare questo modulo.Nome *Cognome *TelefonoE-mail *Messaggio * Privacy Messaggio Cognome Privacy Policy * Acconsento al trattamento dei miei dati anagrafici secondo le modalit\u00e0 espresse nella pagina Privacy Policy INVIA signifie \u00ab bienvenue \u00bb en swahili LE SOIN DE NOS CLIENTS EST PRIMORDIAL POUR NOUS&#8230;NOTRE ENGAGEMENT EST DE FAIRE EN SORTE QU\u2019ILS SE SENTENT LES BIENVENUS \u00c0 TOUT MOMENT<\/p>\n","protected":false},"author":1,"featured_media":0,"parent":0,"menu_order":0,"comment_status":"closed","ping_status":"closed","template":"elementor_header_footer","meta":{"_acf_changed":false,"footnotes":""},"class_list":["post-13140","page","type-page","status-publish","hentry"],"acf":[],"_links":{"self":[{"href":"https:\/\/stg.tracksofafrica.net\/fr\/wp-json\/wp\/v2\/pages\/13140","targetHints":{"allow":["GET"]}}],"collection":[{"href":"https:\/\/stg.tracksofafrica.net\/fr\/wp-json\/wp\/v2\/pages"}],"about":[{"href":"https:\/\/stg.tracksofafrica.net\/fr\/wp-json\/wp\/v2\/types\/page"}],"author":[{"embeddable":true,"href":"https:\/\/stg.tracksofafrica.net\/fr\/wp-json\/wp\/v2\/users\/1"}],"replies":[{"embeddable":true,"href":"https:\/\/stg.tracksofafrica.net\/fr\/wp-json\/wp\/v2\/comments?post=13140"}],"version-history":[{"count":3,"href":"https:\/\/stg.tracksofafrica.net\/fr\/wp-json\/wp\/v2\/pages\/13140\/revisions"}],"predecessor-version":[{"id":30192,"href":"https:\/\/stg.tracksofafrica.net\/fr\/wp-json\/wp\/v2\/pages\/13140\/revisions\/30192"}],"wp:attachment":[{"href":"https:\/\/stg.tracksofafrica.net\/fr\/wp-json\/wp\/v2\/media?parent=13140"}],"curies":[{"name":"wp","href":"https:\/\/api.w.org\/{rel}","templated":true}]}}