{"id":13151,"date":"2025-01-28T18:09:45","date_gmt":"2025-01-28T18:09:45","guid":{"rendered":"https:\/\/stg.tracksofafrica.net\/politique-de-confidentialite\/"},"modified":"2025-03-09T09:53:48","modified_gmt":"2025-03-09T09:53:48","slug":"politique-de-confidentialite","status":"publish","type":"page","link":"https:\/\/stg.tracksofafrica.net\/fr\/politique-de-confidentialite\/","title":{"rendered":"Politique de confidentialit\u00e9"},"content":{"rendered":"\t\t<div data-elementor-type=\"wp-page\" data-elementor-id=\"13151\" class=\"elementor elementor-13151 elementor-2763\" data-elementor-post-type=\"page\">\n\t\t\t\t<div class=\"elementor-element elementor-element-f5536c9 e-flex e-con-boxed wpr-particle-no wpr-jarallax-no wpr-parallax-no wpr-sticky-section-no e-con e-parent\" data-id=\"f5536c9\" data-element_type=\"container\">\n\t\t\t\t\t<div class=\"e-con-inner\">\n\t\t\t\t<div class=\"elementor-element elementor-element-da9883e elementor-widget elementor-widget-global elementor-global-13258 elementor-global-3260 elementor-widget-heading\" data-id=\"da9883e\" data-element_type=\"widget\" data-widget_type=\"heading.default\">\n\t\t\t\t<div class=\"elementor-widget-container\">\n\t\t\t\t\t<h1 class=\"elementor-heading-title elementor-size-default\">Politique de confidentialit\u00e9<\/h1>\t\t\t\t<\/div>\n\t\t\t\t<\/div>\n\t\t\t\t<div class=\"elementor-element elementor-element-177256f elementor-widget elementor-widget-heading\" data-id=\"177256f\" data-element_type=\"widget\" data-widget_type=\"heading.default\">\n\t\t\t\t<div class=\"elementor-widget-container\">\n\t\t\t\t\t<h2 class=\"elementor-heading-title elementor-size-default\">Informations sur le traitement des donn\u00e9es \u00e0 caract\u00e8re personnel<\/h2>\t\t\t\t<\/div>\n\t\t\t\t<\/div>\n\t\t\t\t<div class=\"elementor-element elementor-element-3f09b60 elementor-widget elementor-widget-text-editor\" data-id=\"3f09b60\" data-element_type=\"widget\" data-widget_type=\"text-editor.default\">\n\t\t\t\t<div class=\"elementor-widget-container\">\n\t\t\t\t\t\t\t\t\t<p style=\"text-align: left;\">Nous nous engageons \u00e0 prot\u00e9ger votre vie priv\u00e9e en ligne, et notre politique de confidentialit\u00e9 est con\u00e7ue pour vous donner la tranquillit\u00e9 d\u2019esprit et la confiance. Nous pouvons modifier cette politique de temps \u00e0 autre en mettant \u00e0 jour cette page, et vous devez consulter cette page pour vous assurer que vous \u00eates satisfait des modifications. Cette politique est en vigueur \u00e0 partir du 1er janvier 2018.  <\/p><div class=\"pageText\"><p>Lorsque vous contactez Tracks of Africa Safari Adventure par le biais de notre site Web, nous vous demandons des informations personnelles, notamment votre nom, votre num\u00e9ro de t\u00e9l\u00e9phone et votre adresse e-mail. Nous avons besoin de ces informations pour pr\u00e9parer un devis pour vous et\/ou pour vous contacter avec notre brochure. Ces informations ne seront pas c\u00e9d\u00e9es \u00e0 des tiers, sauf dans la mesure et aux fins requises par la loi. Nous souhaitons conserver votre adresse e-mail \u00e0 des fins de marketing futur (avec des promotions, des offres ou des informations pertinentes qui vous ont int\u00e9ress\u00e9 ou qui pourraient vous int\u00e9resser).     <\/p><p>Nous divulguerons votre nom et les d\u00e9tails de votre r\u00e9servation\/proposition de vacances \u00e0 nos fournisseurs \u00e0 des fins op\u00e9rationnelles uniquement. Nous ne partagerons pas vos renseignements personnels \u00e0 des fins de marketing ou \u00e0 d\u2019autres fins sans votre consentement, sauf si la loi l\u2019exige. Nous respecterons toujours votre vie priv\u00e9e et toute communication personnelle entre vous et nous. Nous respecterons toujours la l\u00e9gislation sur la protection des donn\u00e9es personnelles actuellement en vigueur. Nous recueillons des informations sur les visiteurs de notre site Web \u00e0 des fins de rapports g\u00e9n\u00e9raux, pour am\u00e9liorer le contenu futur et pour aider \u00e0 reconna\u00eetre et \u00e0 servir une r\u00e9servation potentielle.    <\/p><p>La s\u00e9curit\u00e9 des donn\u00e9es est de la plus haute importance pour nous, et nous nous engageons \u00e0 assurer la s\u00e9curit\u00e9 des informations que nous recueillons aupr\u00e8s de vous. Toutes les informations que vous nous fournissez sont prot\u00e9g\u00e9es par un serveur s\u00e9curis\u00e9.<br>Le protocole SSL (Secure Socket Layers) dont notre site web est \u00e9quip\u00e9 crypte toutes les informations qui passent de votre appareil \u00e0 notre serveur et vice versa. Les informations ne sont d\u00e9crypt\u00e9es que lorsqu\u2019elles atteignent notre serveur. Notre serveur web est \u00e9galement \u00e9quip\u00e9 d\u2019un pare-feu (logiciel con\u00e7u pour filtrer les paquets de donn\u00e9es qui arrivent sur le serveur) afin de prot\u00e9ger nos informations internes \u00e0 partir d\u2019Internet.   <\/p><p>Sur notre site Web, nous fournissons \u00e9galement des liens vers d\u2019autres sites Web pour votre commodit\u00e9 et votre information. Veuillez noter que ces sites peuvent avoir des politiques de s\u00e9curit\u00e9 et de confidentialit\u00e9 diff\u00e9rentes et que nous n\u2019avons aucun contr\u00f4le et n\u2019assumons aucune responsabilit\u00e9 \u00e0 cet \u00e9gard, et que nous n\u2019assumons aucune responsabilit\u00e9 \u00e0 cet \u00e9gard. <\/p><p>Si vous souhaitez modifier les consentements que vous avez donn\u00e9s, vous pouvez le faire \u00e0 tout moment en nous contactant directement \u00e0 l\u2019adresse e-mail suivante :<br><a href=\"mailto:office@tracksofafrica.net\">office@tracksofafrica.net<\/a><\/p><p>Nous nous efforcerons de mettre \u00e0 jour vos donn\u00e9es dans les plus brefs d\u00e9lais. Bien entendu, si vous nous dites que vous ne souhaitez pas recevoir de communications marketing, vous pouvez toujours recevoir des communications transactionnelles et de service pour confirmer et vous aider avec les r\u00e9servations que vous avez effectu\u00e9es avec nous. <\/p><p>Nous esp\u00e9rons que vous appr\u00e9cierez l\u2019utilisation de notre site Web, sachant que nous nous engageons \u00e0 prot\u00e9ger votre vie priv\u00e9e. Si vous avez des questions sur la politique de confidentialit\u00e9 de Tracks of Africa Safari Adventure, veuillez nous contacter imm\u00e9diatement. <\/p><\/div>\t\t\t\t\t\t\t\t<\/div>\n\t\t\t\t<\/div>\n\t\t\t\t\t<\/div>\n\t\t\t\t<\/div>\n\t\t\t\t<\/div>\n\t\t","protected":false},"excerpt":{"rendered":"<p>Informations sur le traitement des donn\u00e9es \u00e0 caract\u00e8re personnel Nous nous engageons \u00e0 prot\u00e9ger votre vie priv\u00e9e en ligne, et notre politique de confidentialit\u00e9 est con\u00e7ue pour vous donner la tranquillit\u00e9 d\u2019esprit et la confiance. Nous pouvons modifier cette politique de temps \u00e0 autre en mettant \u00e0 jour cette page, et vous devez consulter cette page pour vous assurer que vous \u00eates satisfait des modifications. Cette politique est en vigueur \u00e0 partir du 1er janvier 2018. Lorsque vous contactez Tracks of Africa Safari Adventure par le biais de notre site Web, nous vous demandons des informations personnelles, notamment votre nom, votre num\u00e9ro de t\u00e9l\u00e9phone et votre adresse e-mail. Nous avons besoin de ces informations pour pr\u00e9parer un devis pour vous et\/ou pour vous contacter avec notre brochure. Ces informations ne seront pas c\u00e9d\u00e9es \u00e0 des tiers, sauf dans la mesure et aux fins requises par la loi. Nous souhaitons conserver votre adresse e-mail \u00e0 des fins de marketing futur (avec des promotions, des offres ou des informations pertinentes qui vous ont int\u00e9ress\u00e9 ou qui pourraient vous int\u00e9resser). Nous divulguerons votre nom et les d\u00e9tails de votre r\u00e9servation\/proposition de vacances \u00e0 nos fournisseurs \u00e0 des fins op\u00e9rationnelles uniquement. Nous ne partagerons pas vos renseignements personnels \u00e0 des fins de marketing ou \u00e0 d\u2019autres fins sans votre consentement, sauf si la loi l\u2019exige. Nous respecterons toujours votre vie priv\u00e9e et toute communication personnelle entre vous et nous. Nous respecterons toujours la l\u00e9gislation sur la protection des donn\u00e9es personnelles actuellement en vigueur. Nous recueillons des informations sur les visiteurs de notre site Web \u00e0 des fins de rapports g\u00e9n\u00e9raux, pour am\u00e9liorer le contenu futur et pour aider \u00e0 reconna\u00eetre et \u00e0 servir une r\u00e9servation potentielle. La s\u00e9curit\u00e9 des donn\u00e9es est de la plus haute importance pour nous, et nous nous engageons \u00e0 assurer la s\u00e9curit\u00e9 des informations que nous recueillons aupr\u00e8s de vous. Toutes les informations que vous nous fournissez sont prot\u00e9g\u00e9es par un serveur s\u00e9curis\u00e9.Le protocole SSL (Secure Socket Layers) dont notre site web est \u00e9quip\u00e9 crypte toutes les informations qui passent de votre appareil \u00e0 notre serveur et vice versa. Les informations ne sont d\u00e9crypt\u00e9es que lorsqu\u2019elles atteignent notre serveur. Notre serveur web est \u00e9galement \u00e9quip\u00e9 d\u2019un pare-feu (logiciel con\u00e7u pour filtrer les paquets de donn\u00e9es qui arrivent sur le serveur) afin de prot\u00e9ger nos informations internes \u00e0 partir d\u2019Internet. Sur notre site Web, nous fournissons \u00e9galement des liens vers d\u2019autres sites Web pour votre commodit\u00e9 et votre information. Veuillez noter que ces sites peuvent avoir des politiques de s\u00e9curit\u00e9 et de confidentialit\u00e9 diff\u00e9rentes et que nous n\u2019avons aucun contr\u00f4le et n\u2019assumons aucune responsabilit\u00e9 \u00e0 cet \u00e9gard, et que nous n\u2019assumons aucune responsabilit\u00e9 \u00e0 cet \u00e9gard. Si vous souhaitez modifier les consentements que vous avez donn\u00e9s, vous pouvez le faire \u00e0 tout moment en nous contactant directement \u00e0 l\u2019adresse e-mail suivante :office@tracksofafrica.net Nous nous efforcerons de mettre \u00e0 jour vos donn\u00e9es dans les plus brefs d\u00e9lais. Bien entendu, si vous nous dites que vous ne souhaitez pas recevoir de communications marketing, vous pouvez toujours recevoir des communications transactionnelles et de service pour confirmer et vous aider avec les r\u00e9servations que vous avez effectu\u00e9es avec nous. Nous esp\u00e9rons que vous appr\u00e9cierez l\u2019utilisation de notre site Web, sachant que nous nous engageons \u00e0 prot\u00e9ger votre vie priv\u00e9e. Si vous avez des questions sur la politique de confidentialit\u00e9 de Tracks of Africa Safari Adventure, veuillez nous contacter imm\u00e9diatement.<\/p>\n","protected":false},"author":1,"featured_media":0,"parent":0,"menu_order":0,"comment_status":"closed","ping_status":"closed","template":"elementor_header_footer","meta":{"_acf_changed":false,"footnotes":""},"class_list":["post-13151","page","type-page","status-publish","hentry"],"acf":[],"_links":{"self":[{"href":"https:\/\/stg.tracksofafrica.net\/fr\/wp-json\/wp\/v2\/pages\/13151","targetHints":{"allow":["GET"]}}],"collection":[{"href":"https:\/\/stg.tracksofafrica.net\/fr\/wp-json\/wp\/v2\/pages"}],"about":[{"href":"https:\/\/stg.tracksofafrica.net\/fr\/wp-json\/wp\/v2\/types\/page"}],"author":[{"embeddable":true,"href":"https:\/\/stg.tracksofafrica.net\/fr\/wp-json\/wp\/v2\/users\/1"}],"replies":[{"embeddable":true,"href":"https:\/\/stg.tracksofafrica.net\/fr\/wp-json\/wp\/v2\/comments?post=13151"}],"version-history":[{"count":0,"href":"https:\/\/stg.tracksofafrica.net\/fr\/wp-json\/wp\/v2\/pages\/13151\/revisions"}],"wp:attachment":[{"href":"https:\/\/stg.tracksofafrica.net\/fr\/wp-json\/wp\/v2\/media?parent=13151"}],"curies":[{"name":"wp","href":"https:\/\/api.w.org\/{rel}","templated":true}]}}